{"id":3,"date":"2025-01-30T01:54:47","date_gmt":"2025-01-30T01:54:47","guid":{"rendered":"http:\/\/mlroomlashes.com\/?page_id=3"},"modified":"2025-02-05T19:22:03","modified_gmt":"2025-02-05T19:22:03","slug":"privacy-policy","status":"publish","type":"page","link":"https:\/\/mlroomlashes.com\/es\/privacy-policy\/","title":{"rendered":"Pol\u00edtica de privacidad"},"content":{"rendered":"<p><strong>ML Room Lashes LLC<\/strong>, m\u00e1s conocida como https:\/\/mlroomlashes.com, con domicilio en 10000 DAVIS CREEK CIR APT 3418, ORLANDO, FLORIDA, US, y p\u00e1gina web https:\/\/mlroomlashes.com, es responsable del uso y protecci\u00f3n de sus datos personales, y le informamos de lo siguiente:<\/p>\n\n\n\n<p><\/p>\n\n\n\n<p><strong>\u00bfPara qu\u00e9 fines utilizaremos sus datos personales?<\/strong><\/p>\n\n\n\n<p>Los datos personales que recabamos de usted se utilizar\u00e1n para los siguientes fines, que son necesarios para el servicio que solicita:<\/p>\n\n\n\n<ul class=\"wp-block-list\">\n<li>Prestaci\u00f3n de cualquier servicio solicitado<\/li>\n\n\n\n<li>Env\u00edo de productos adquiridos en esta tienda en l\u00ednea<\/li>\n<\/ul>\n\n\n\n<p><strong>\u00bfQu\u00e9 datos personales utilizaremos para estos fines?<\/strong><\/p>\n\n\n\n<p>Para llevar a cabo las finalidades descritas en el presente aviso de privacidad, utilizaremos los siguientes datos personales:<\/p>\n\n\n\n<ul class=\"wp-block-list\">\n<li>Datos de identificaci\u00f3n y contacto<\/li>\n\n\n\n<li>Datos sobre las caracter\u00edsticas f\u00edsicas<\/li>\n\n\n\n<li>Datos patrimoniales y\/o financieros<\/li>\n<\/ul>\n\n\n\n<p><strong>\u00bfC\u00f3mo puede acceder, rectificar o cancelar sus datos personales, u oponerse a su uso o ejercer la revocaci\u00f3n del consentimiento?<\/strong><\/p>\n\n\n\n<p>Usted tiene derecho a conocer qu\u00e9 datos personales tenemos de usted, para qu\u00e9 los utilizamos y las condiciones de uso que les damos (Acceso). Asimismo, es su derecho solicitar la correcci\u00f3n de su informaci\u00f3n personal en caso de que est\u00e9 desactualizada, sea inexacta o incompleta (Rectificaci\u00f3n); eliminarla de nuestros registros o bases de datos cuando considere que no est\u00e1 siendo utilizada adecuadamente (Cancelaci\u00f3n); as\u00ed como oponerse al uso de sus datos personales para fines espec\u00edficos (Oposici\u00f3n). Estos derechos son conocidos como derechos ARCO.<\/p>\n\n\n\n<p>Para ejercer cualquiera de los derechos ARCO, deber\u00e1 enviar una solicitud por correo electr\u00f3nico a info@mlroomlashes.com y deber\u00e1 contener:<\/p>\n\n\n\n<ul class=\"wp-block-list\">\n<li>Nombre y apellidos del titular<\/li>\n\n\n\n<li>Direccion<\/li>\n\n\n\n<li>Numero telef\u00f3nico<\/li>\n\n\n\n<li>Correo electr\u00f3nico utilizado en este sitio web<\/li>\n\n\n\n<li>Se adjunta copia de un documento oficial de identidad<\/li>\n\n\n\n<li>Asunto: \u00abDerechos ARCO\u00bb<\/li>\n\n\n\n<li>Descripci\u00f3n de la finalidad del escrito, que podr\u00e1 ser, de manera enunciativa m\u00e1s no limitativa, la siguiente: Revocaci\u00f3n del consentimiento para el tratamiento de sus datos personales; y\/o Notificaci\u00f3n de uso indebido del tratamiento de sus datos personales; y\/o Ejercicio de sus Derechos ARCO, con la descripci\u00f3n clara y precisa de los datos que se pretenden Acceder, Rectificar, Cancelar u Oponerse. En caso de Rectificaci\u00f3n de datos personales, indique la modificaci\u00f3n exacta y anexe la documentaci\u00f3n soporte; es importante en el caso de revocaci\u00f3n del consentimiento, considerar que no en todos los casos podremos atender su solicitud o concluir el uso de forma inmediata, ya que es posible que por alguna obligaci\u00f3n legal requiramos seguir tratando sus datos personales. Asimismo, usted deber\u00e1 considerar que para ciertos fines, la revocaci\u00f3n de su consentimiento implicar\u00e1 que no le podamos seguir prestando el servicio que nos solicit\u00f3, o la conclusi\u00f3n de su relaci\u00f3n con nosotros.<\/li>\n<\/ul>\n\n\n\n<p><strong>\u00bfCu\u00e1ntos d\u00edas tardaremos en responder a su solicitud?<\/strong><\/p>\n\n\n\n<p>5 dias<\/p>\n\n\n\n<p><strong>\u00bfPor qu\u00e9 medios le comunicaremos la respuesta a su solicitud?<\/strong><\/p>\n\n\n\n<p>Al mismo correo electr\u00f3nico desde el que se envi\u00f3 la solicitud.<\/p>\n\n\n\n<p><strong>Uso de tecnolog\u00edas de rastreo en nuestro sitio web<\/strong><\/p>\n\n\n\n<p>Le informamos que en nuestro sitio web utilizamos cookies, web beacons, u otras tecnolog\u00edas a trav\u00e9s de las cuales es posible monitorear su comportamiento como usuario de internet, as\u00ed como brindarle un mejor servicio y experiencia al navegar en nuestro sitio web. Los datos personales que obtenemos de estas tecnolog\u00edas de rastreo son los siguientes:<\/p>\n\n\n\n<ul class=\"wp-block-list\">\n<li>Identificadores, nombre de usuario y contrase\u00f1as de sesi\u00f3n<\/li>\n\n\n\n<li>Idioma preferido por el usuario<\/li>\n<\/ul>\n\n\n\n<p>Estas cookies, balizas web y otras tecnolog\u00edas pueden desactivarse. Para saber c\u00f3mo hacerlo, consulte el men\u00fa de ayuda de su navegador. Tenga en cuenta que desactivar las cookies puede impedirle acceder a determinadas funciones personalizadas de nuestro sitio web.<\/p>\n\n\n\n<p><strong>\u00bfC\u00f3mo puede conocer los cambios en este aviso de privacidad?<\/strong><\/p>\n\n\n\n<p>El presente aviso de privacidad puede sufrir modificaciones, cambios o actualizaciones derivadas de nuevos requerimientos legales; de nuestras propias necesidades por los productos o servicios que ofrecemos; de nuestras pr\u00e1cticas de privacidad; de cambios en nuestro modelo de negocio, o por otras causas. Nos comprometemos a mantener actualizado el presente aviso de privacidad respecto de los cambios que pueda sufrir, pudiendo en todo momento consultar las actualizaciones en la p\u00e1gina web https:\/\/mlroomlashes.com.<\/p>\n\n\n\n<p>\u00daltima actualizaci\u00f3n de este aviso de privacidad: 02\/05\/2025<\/p>","protected":false},"excerpt":{"rendered":"<p>ML Room Lashes LLC, better known as https:\/\/mlroomlashes.com, with address at 10000 DAVIS CREEK CIR APT 3418, ORLANDO, FLORIDA, US, [&hellip;]<\/p>\n","protected":false},"author":1,"featured_media":0,"parent":0,"menu_order":0,"comment_status":"closed","ping_status":"open","template":"","meta":{"site-sidebar-layout":"default","site-content-layout":"","ast-site-content-layout":"default","site-content-style":"default","site-sidebar-style":"default","ast-global-header-display":"","ast-banner-title-visibility":"","ast-main-header-display":"","ast-hfb-above-header-display":"","ast-hfb-below-header-display":"","ast-hfb-mobile-header-display":"","site-post-title":"","ast-breadcrumbs-content":"","ast-featured-img":"","footer-sml-layout":"","ast-disable-related-posts":"","theme-transparent-header-meta":"","adv-header-id-meta":"","stick-header-meta":"","header-above-stick-meta":"","header-main-stick-meta":"","header-below-stick-meta":"","astra-migrate-meta-layouts":"default","ast-page-background-enabled":"default","ast-page-background-meta":{"desktop":{"background-color":"var(--ast-global-color-5)","background-image":"","background-repeat":"repeat","background-position":"center center","background-size":"auto","background-attachment":"scroll","background-type":"","background-media":"","overlay-type":"","overlay-color":"","overlay-opacity":"","overlay-gradient":""},"tablet":{"background-color":"","background-image":"","background-repeat":"repeat","background-position":"center center","background-size":"auto","background-attachment":"scroll","background-type":"","background-media":"","overlay-type":"","overlay-color":"","overlay-opacity":"","overlay-gradient":""},"mobile":{"background-color":"","background-image":"","background-repeat":"repeat","background-position":"center center","background-size":"auto","background-attachment":"scroll","background-type":"","background-media":"","overlay-type":"","overlay-color":"","overlay-opacity":"","overlay-gradient":""}},"ast-content-background-meta":{"desktop":{"background-color":"var(--ast-global-color-4)","background-image":"","background-repeat":"repeat","background-position":"center center","background-size":"auto","background-attachment":"scroll","background-type":"","background-media":"","overlay-type":"","overlay-color":"","overlay-opacity":"","overlay-gradient":""},"tablet":{"background-color":"var(--ast-global-color-4)","background-image":"","background-repeat":"repeat","background-position":"center center","background-size":"auto","background-attachment":"scroll","background-type":"","background-media":"","overlay-type":"","overlay-color":"","overlay-opacity":"","overlay-gradient":""},"mobile":{"background-color":"var(--ast-global-color-4)","background-image":"","background-repeat":"repeat","background-position":"center center","background-size":"auto","background-attachment":"scroll","background-type":"","background-media":"","overlay-type":"","overlay-color":"","overlay-opacity":"","overlay-gradient":""}},"footnotes":""},"class_list":["post-3","page","type-page","status-publish","hentry"],"jetpack_sharing_enabled":true,"_links":{"self":[{"href":"https:\/\/mlroomlashes.com\/es\/wp-json\/wp\/v2\/pages\/3","targetHints":{"allow":["GET"]}}],"collection":[{"href":"https:\/\/mlroomlashes.com\/es\/wp-json\/wp\/v2\/pages"}],"about":[{"href":"https:\/\/mlroomlashes.com\/es\/wp-json\/wp\/v2\/types\/page"}],"author":[{"embeddable":true,"href":"https:\/\/mlroomlashes.com\/es\/wp-json\/wp\/v2\/users\/1"}],"replies":[{"embeddable":true,"href":"https:\/\/mlroomlashes.com\/es\/wp-json\/wp\/v2\/comments?post=3"}],"version-history":[{"count":2,"href":"https:\/\/mlroomlashes.com\/es\/wp-json\/wp\/v2\/pages\/3\/revisions"}],"predecessor-version":[{"id":162,"href":"https:\/\/mlroomlashes.com\/es\/wp-json\/wp\/v2\/pages\/3\/revisions\/162"}],"wp:attachment":[{"href":"https:\/\/mlroomlashes.com\/es\/wp-json\/wp\/v2\/media?parent=3"}],"curies":[{"name":"wp","href":"https:\/\/api.w.org\/{rel}","templated":true}]}}