{"id":339,"date":"2025-02-12T14:07:38","date_gmt":"2025-02-12T14:07:38","guid":{"rendered":"https:\/\/mlroomlashes.com\/?page_id=339"},"modified":"2025-03-25T16:34:05","modified_gmt":"2025-03-25T16:34:05","slug":"brow-lamination","status":"publish","type":"page","link":"https:\/\/mlroomlashes.com\/es\/brow-lamination\/","title":{"rendered":"Laminaci\u00f3n de cejas"},"content":{"rendered":"<p class=\"has-medium-font-size\">\u00abLa laminaci\u00f3n de cejas es un tratamiento dise\u00f1ado para alinear, levantar y fijar las cejas, consiguiendo un efecto m\u00e1s definido, ordenado y con m\u00e1s volumen. Funciona con un producto especial que relaja y moldea los pelos, permitiendo dirigirlos como se desee sin necesidad de maquillaje.\u00bb<\/p>\n\n\n\n<p class=\"has-large-font-size\"><strong>Beneficios<\/strong>:<\/p>\n\n\n\n<p class=\"has-medium-font-size\">\u2705 Cejas m\u00e1s pobladas y definidas.<br>\u2705 Efecto natural y estilizado.<br>\u2705 Mayor simetr\u00eda y forma estructurada.<br>\u2705 Duraci\u00f3n de 4 a 6 semanas.<br>\u2705 No requiere mantenimiento diario.<\/p>\n\n\n\n<p class=\"has-large-font-size\"><strong>\u00bfPara qui\u00e9n es ideal este tratamiento?<\/strong><\/p>\n\n\n\n<p class=\"has-text-align-left hostinger-ai-testimonial-text hostinger-ai-font-bold hostinger-index-2 has-dark-color has-text-color has-link-color wp-elements-5424b8e2de78ed2e5ded6f9cbd345546\" style=\"margin-top:0;margin-bottom:var(--wp--preset--spacing--50);font-size:20px\">\u2705 Personas con cejas rebeldes, finas o desordenadas.<br>\u2705 Quienes desean un aspecto natural sin necesidad de maquillaje.<br>\u2705 Ideal para quienes buscan un efecto de cejas peinadas y levantadas.<\/p>\n\n\n\n<p><\/p>\n\n\n\n<div class=\"wp-block-columns is-layout-flex wp-container-core-columns-is-layout-28f84493 wp-block-columns-is-layout-flex\">\n<div class=\"wp-block-column is-layout-flow wp-block-column-is-layout-flow\">\n<p class=\"has-text-align-center has-medium-font-size\"><strong>ANTES<\/strong><\/p>\n\n\n\n<figure class=\"wp-block-image aligncenter size-large is-resized\"><img loading=\"lazy\" decoding=\"async\" width=\"768\" height=\"1024\" src=\"https:\/\/mlroomlashes.com\/wp-content\/uploads\/2025\/02\/BEFORE-2-768x1024.jpeg\" alt=\"\" class=\"wp-image-173\" style=\"width:314px;height:auto\" srcset=\"https:\/\/mlroomlashes.com\/wp-content\/uploads\/2025\/02\/BEFORE-2-768x1024.jpeg 768w, https:\/\/mlroomlashes.com\/wp-content\/uploads\/2025\/02\/BEFORE-2-225x300.jpeg 225w, https:\/\/mlroomlashes.com\/wp-content\/uploads\/2025\/02\/BEFORE-2-1152x1536.jpeg 1152w, https:\/\/mlroomlashes.com\/wp-content\/uploads\/2025\/02\/BEFORE-2-600x800.jpeg 600w, https:\/\/mlroomlashes.com\/wp-content\/uploads\/2025\/02\/BEFORE-2.jpeg 1536w\" sizes=\"auto, (max-width: 768px) 100vw, 768px\" \/><\/figure>\n<\/div>\n\n\n\n<div class=\"wp-block-column is-layout-flow wp-block-column-is-layout-flow\">\n<p class=\"has-text-align-center has-medium-font-size\"><strong>DESPUES<\/strong><\/p>\n\n\n\n<figure class=\"wp-block-image size-large is-resized\"><img loading=\"lazy\" decoding=\"async\" width=\"768\" height=\"1024\" src=\"https:\/\/mlroomlashes.com\/wp-content\/uploads\/2025\/02\/LATER-2-768x1024.jpeg\" alt=\"\" class=\"wp-image-174\" style=\"width:312px;height:auto\" srcset=\"https:\/\/mlroomlashes.com\/wp-content\/uploads\/2025\/02\/LATER-2-768x1024.jpeg 768w, https:\/\/mlroomlashes.com\/wp-content\/uploads\/2025\/02\/LATER-2-225x300.jpeg 225w, https:\/\/mlroomlashes.com\/wp-content\/uploads\/2025\/02\/LATER-2-1152x1536.jpeg 1152w, https:\/\/mlroomlashes.com\/wp-content\/uploads\/2025\/02\/LATER-2-600x800.jpeg 600w, https:\/\/mlroomlashes.com\/wp-content\/uploads\/2025\/02\/LATER-2.jpeg 1536w\" sizes=\"auto, (max-width: 768px) 100vw, 768px\" \/><\/figure>\n<\/div>\n<\/div>\n\n\n\n<p class=\"has-text-align-center has-medium-font-size\">En ML Lashes Brows te ayudamos a conseguir unas cejas impecables, en armon\u00eda con tu rostro. \u00a1Resalta tu mirada con un dise\u00f1o perfecto y duradero!<\/p>\n\n\n\n<p><\/p>\n\n\n\n<p class=\"has-large-font-size\"><strong>Laminado de cejas y tinte:<\/strong><\/p>\n\n\n\n<p class=\"has-medium-font-size\">El brow lamination y tinte de cejas son ideales para lograr unas cejas m\u00e1s definidas, rellenas y con un efecto peinado duradero. El brow lamination alinea y fija los vellos en la direcci\u00f3n deseada, mientras que el tinte resalta su color y forma. El resultado dura entre 4 a 6 semanas, dependiendo del tipo de piel y cuidados. Para mantenerlos perfectos, evita mojar las cejas las primeras 24 horas y usa aceites o sueros hidratantes. \u00a1Consigue unas cejas impecables y naturales con este tratamiento!<\/p>\n\n\n\n<p><\/p>\n\n\n\n<p class=\"has-large-font-size\"><strong>Laminado de cejas (sin tinte)<\/strong><\/p>\n\n\n\n<p class=\"has-medium-font-size\">El Brow Lamination sin tinte es el tratamiento perfecto para lograr unas cejas m\u00e1s definidas, alineadas y con un efecto de mayor volumen sin necesidad de coloraci\u00f3n. Este procedimiento reestructura los vellos de las cejas, fij\u00e1ndolos en la direcci\u00f3n deseada para un acabado m\u00e1s pulido y natural.<\/p>\n\n\n\n<p class=\"has-medium-font-size\"><strong>Beneficios:<\/strong><\/p>\n\n\n\n<p class=\"has-medium-font-size\">\u2714 Da un efecto de cejas m\u00e1s gruesas y definidas.<br>\u2714 Mantiene los vellos en su lugar por hasta 6 semanas.<br>\u2714 Perfecto para quienes desean un look natural sin tinte.<br>\u2714 Ideal para cejas rebeldes o con poca forma.<\/p>\n\n\n\n<p class=\"has-medium-font-size\">Para mejores resultados, evita mojar la zona las primeras 24 horas y aplica hidrataci\u00f3n regularmente. \u00a1Consigue unas cejas perfectamente peinadas con Brow Lamination! Agenda tu cita y realza tu mirada.<\/p>\n\n\n\n<p><\/p>\n\n\n<div class=\"woocommerce columns-4\"><ul class=\"products columns-4\">\n<li class=\"desktop-align-left tablet-align-left mobile-align-left product type-product post-568 status-publish first instock product_cat-uncategorized has-post-thumbnail sale taxable shipping-taxable purchasable product-type-simple\">\n\t<a href=\"https:\/\/mlroomlashes.com\/es\/producto\/brow-lamination\/\" class=\"woocommerce-LoopProduct-link woocommerce-loop-product__link\">\n\t\n\t<img loading=\"lazy\" decoding=\"async\" width=\"300\" height=\"300\" src=\"https:\/\/mlroomlashes.com\/wp-content\/uploads\/2025\/03\/WhatsApp-Image-2025-03-19-at-2.42.23-PM-1-300x300.jpeg\" class=\"attachment-woocommerce_thumbnail size-woocommerce_thumbnail\" alt=\"Brow Lamination\" srcset=\"https:\/\/mlroomlashes.com\/wp-content\/uploads\/2025\/03\/WhatsApp-Image-2025-03-19-at-2.42.23-PM-1-300x300.jpeg 300w, https:\/\/mlroomlashes.com\/wp-content\/uploads\/2025\/03\/WhatsApp-Image-2025-03-19-at-2.42.23-PM-1-150x150.jpeg 150w, https:\/\/mlroomlashes.com\/wp-content\/uploads\/2025\/03\/WhatsApp-Image-2025-03-19-at-2.42.23-PM-1-100x100.jpeg 100w\" sizes=\"auto, (max-width: 300px) 100vw, 300px\" \/><h2 class=\"woocommerce-loop-product__title\">Laminaci\u00f3n de cejas<\/h2>\n\t<span class=\"price\"><del aria-hidden=\"true\"><span class=\"woocommerce-Price-amount amount\"><bdi><span class=\"woocommerce-Price-currencySymbol\">&#36;<\/span>95.00<\/bdi><\/span><\/del> <span class=\"screen-reader-text\" data-no-translation=\"\" data-trp-gettext=\"\">Original price was: &#036;95.00.<\/span><ins aria-hidden=\"true\"><span class=\"woocommerce-Price-amount amount\"><bdi><span class=\"woocommerce-Price-currencySymbol\">&#36;<\/span>80.00<\/bdi><\/span><\/ins><span class=\"screen-reader-text\" data-no-translation=\"\" data-trp-gettext=\"\">Current price is: &#036;80.00.<\/span><\/span>\n<\/a><span  class=\"ast-on-card-button ast-onsale-card\" data-notification=\"default\">Sale!<\/span><a href=\"\/es\/wp-json\/wp\/v2\/pages\/339?add-to-cart=568\" data-quantity=\"1\" class=\"ast-on-card-button ast-select-options-trigger product_type_simple add_to_cart_button ajax_add_to_cart\" data-product_id=\"568\" data-product_sku=\"\" aria-label=\"A\u00f1adir al carrito: \u201cBrow Lamination\u201d\" rel=\"nofollow\" data-no-translation-aria-label=\"\"> <span class=\"ast-card-action-tooltip\"> A\u00f1adir al carrito <\/span> <span class=\"ahfb-svg-iconset\"> <span class=\"ast-icon icon-bag\"><svg xmlns=\"http:\/\/www.w3.org\/2000\/svg\" xmlns:xlink=\"http:\/\/www.w3.org\/1999\/xlink\" version=\"1.1\" id=\"ast-bag-icon-svg\" x=\"0px\" y=\"0px\" width=\"100\" height=\"100\" viewbox=\"826 826 140 140\" enable-background=\"new 826 826 140 140\" xml:space=\"preserve\">\n\t\t\t\t<path d=\"M960.758,934.509l2.632,23.541c0.15,1.403-0.25,2.657-1.203,3.761c-0.953,1.053-2.156,1.579-3.61,1.579H833.424  c-1.454,0-2.657-0.526-3.61-1.579c-0.952-1.104-1.354-2.357-1.203-3.761l2.632-23.541H960.758z M953.763,871.405l6.468,58.29H831.77  l6.468-58.29c0.15-1.203,0.677-2.218,1.58-3.045c0.903-0.827,1.981-1.241,3.234-1.241h19.254v9.627c0,2.658,0.94,4.927,2.82,6.807  s4.149,2.82,6.807,2.82c2.658,0,4.926-0.94,6.807-2.82s2.821-4.149,2.821-6.807v-9.627h28.882v9.627  c0,2.658,0.939,4.927,2.819,6.807c1.881,1.88,4.149,2.82,6.807,2.82s4.927-0.94,6.808-2.82c1.879-1.88,2.82-4.149,2.82-6.807v-9.627  h19.253c1.255,0,2.332,0.414,3.235,1.241C953.086,869.187,953.612,870.202,953.763,871.405z M924.881,857.492v19.254  c0,1.304-0.476,2.432-1.429,3.385s-2.08,1.429-3.385,1.429c-1.303,0-2.432-0.477-3.384-1.429c-0.953-0.953-1.43-2.081-1.43-3.385  v-19.254c0-5.315-1.881-9.853-5.641-13.613c-3.76-3.761-8.298-5.641-13.613-5.641s-9.853,1.88-13.613,5.641  c-3.761,3.76-5.641,8.298-5.641,13.613v19.254c0,1.304-0.476,2.432-1.429,3.385c-0.953,0.953-2.081,1.429-3.385,1.429  c-1.303,0-2.432-0.477-3.384-1.429c-0.953-0.953-1.429-2.081-1.429-3.385v-19.254c0-7.973,2.821-14.779,8.461-20.42  c5.641-5.641,12.448-8.461,20.42-8.461c7.973,0,14.779,2.82,20.42,8.461C922.062,842.712,924.881,849.519,924.881,857.492z\" \/>\n\t\t\t\t<\/svg><\/span> <\/span> <\/a><a href=\"\/es\/wp-json\/wp\/v2\/pages\/339?add-to-cart=568\" aria-describedby=\"woocommerce_loop_add_to_cart_link_describedby_568\" data-quantity=\"1\" class=\"button product_type_simple add_to_cart_button ajax_add_to_cart\" data-product_id=\"568\" data-product_sku=\"\" aria-label=\"A\u00f1adir al carrito: \u201cBrow Lamination\u201d\" rel=\"nofollow\" data-success_message=\"\u201cBrow Lamination\u201d has been added to your cart\" data-no-translation=\"\" data-trp-gettext=\"\" data-no-translation-aria-label=\"\" data-no-translation-data-success_message=\"\">A\u00f1adir al carrito<\/a>\t<span id=\"woocommerce_loop_add_to_cart_link_describedby_568\" class=\"screen-reader-text\">\n\t\t\t<\/span>\n<\/li>\n<li class=\"desktop-align-left tablet-align-left mobile-align-left product type-product post-570 status-publish instock product_cat-uncategorized has-post-thumbnail sale taxable shipping-taxable purchasable product-type-simple\">\n\t<a href=\"https:\/\/mlroomlashes.com\/es\/producto\/brow-lamination-with-tint\/\" class=\"woocommerce-LoopProduct-link woocommerce-loop-product__link\">\n\t\n\t<img loading=\"lazy\" decoding=\"async\" width=\"300\" height=\"300\" src=\"https:\/\/mlroomlashes.com\/wp-content\/uploads\/2025\/03\/WhatsApp-Image-2025-03-25-at-1.45.47-PM-300x300.jpeg\" class=\"attachment-woocommerce_thumbnail size-woocommerce_thumbnail\" alt=\"Brow Lamination With Tint\" srcset=\"https:\/\/mlroomlashes.com\/wp-content\/uploads\/2025\/03\/WhatsApp-Image-2025-03-25-at-1.45.47-PM-300x300.jpeg 300w, https:\/\/mlroomlashes.com\/wp-content\/uploads\/2025\/03\/WhatsApp-Image-2025-03-25-at-1.45.47-PM-150x150.jpeg 150w, https:\/\/mlroomlashes.com\/wp-content\/uploads\/2025\/03\/WhatsApp-Image-2025-03-25-at-1.45.47-PM-100x100.jpeg 100w\" sizes=\"auto, (max-width: 300px) 100vw, 300px\" \/><h2 class=\"woocommerce-loop-product__title\">Brow Lamination With Tint<\/h2>\n\t<span class=\"price\"><del aria-hidden=\"true\"><span class=\"woocommerce-Price-amount amount\"><bdi><span class=\"woocommerce-Price-currencySymbol\">&#36;<\/span>105.00<\/bdi><\/span><\/del> <span class=\"screen-reader-text\" data-no-translation=\"\" data-trp-gettext=\"\">Original price was: &#036;105.00.<\/span><ins aria-hidden=\"true\"><span class=\"woocommerce-Price-amount amount\"><bdi><span class=\"woocommerce-Price-currencySymbol\">&#36;<\/span>95.00<\/bdi><\/span><\/ins><span class=\"screen-reader-text\" data-no-translation=\"\" data-trp-gettext=\"\">Current price is: &#036;95.00.<\/span><\/span>\n<\/a><span  class=\"ast-on-card-button ast-onsale-card\" data-notification=\"default\">Sale!<\/span><a href=\"\/es\/wp-json\/wp\/v2\/pages\/339?add-to-cart=570\" data-quantity=\"1\" class=\"ast-on-card-button ast-select-options-trigger product_type_simple add_to_cart_button ajax_add_to_cart\" data-product_id=\"570\" data-product_sku=\"\" aria-label=\"A\u00f1adir al carrito: \u201cBrow Lamination With Tint\u201d\" rel=\"nofollow\" data-no-translation-aria-label=\"\"> <span class=\"ast-card-action-tooltip\"> A\u00f1adir al carrito <\/span> <span class=\"ahfb-svg-iconset\"> <span class=\"ast-icon icon-bag\"><svg xmlns=\"http:\/\/www.w3.org\/2000\/svg\" xmlns:xlink=\"http:\/\/www.w3.org\/1999\/xlink\" version=\"1.1\" id=\"ast-bag-icon-svg\" x=\"0px\" y=\"0px\" width=\"100\" height=\"100\" viewbox=\"826 826 140 140\" enable-background=\"new 826 826 140 140\" xml:space=\"preserve\">\n\t\t\t\t<path d=\"M960.758,934.509l2.632,23.541c0.15,1.403-0.25,2.657-1.203,3.761c-0.953,1.053-2.156,1.579-3.61,1.579H833.424  c-1.454,0-2.657-0.526-3.61-1.579c-0.952-1.104-1.354-2.357-1.203-3.761l2.632-23.541H960.758z M953.763,871.405l6.468,58.29H831.77  l6.468-58.29c0.15-1.203,0.677-2.218,1.58-3.045c0.903-0.827,1.981-1.241,3.234-1.241h19.254v9.627c0,2.658,0.94,4.927,2.82,6.807  s4.149,2.82,6.807,2.82c2.658,0,4.926-0.94,6.807-2.82s2.821-4.149,2.821-6.807v-9.627h28.882v9.627  c0,2.658,0.939,4.927,2.819,6.807c1.881,1.88,4.149,2.82,6.807,2.82s4.927-0.94,6.808-2.82c1.879-1.88,2.82-4.149,2.82-6.807v-9.627  h19.253c1.255,0,2.332,0.414,3.235,1.241C953.086,869.187,953.612,870.202,953.763,871.405z M924.881,857.492v19.254  c0,1.304-0.476,2.432-1.429,3.385s-2.08,1.429-3.385,1.429c-1.303,0-2.432-0.477-3.384-1.429c-0.953-0.953-1.43-2.081-1.43-3.385  v-19.254c0-5.315-1.881-9.853-5.641-13.613c-3.76-3.761-8.298-5.641-13.613-5.641s-9.853,1.88-13.613,5.641  c-3.761,3.76-5.641,8.298-5.641,13.613v19.254c0,1.304-0.476,2.432-1.429,3.385c-0.953,0.953-2.081,1.429-3.385,1.429  c-1.303,0-2.432-0.477-3.384-1.429c-0.953-0.953-1.429-2.081-1.429-3.385v-19.254c0-7.973,2.821-14.779,8.461-20.42  c5.641-5.641,12.448-8.461,20.42-8.461c7.973,0,14.779,2.82,20.42,8.461C922.062,842.712,924.881,849.519,924.881,857.492z\" \/>\n\t\t\t\t<\/svg><\/span> <\/span> <\/a><a href=\"\/es\/wp-json\/wp\/v2\/pages\/339?add-to-cart=570\" aria-describedby=\"woocommerce_loop_add_to_cart_link_describedby_570\" data-quantity=\"1\" class=\"button product_type_simple add_to_cart_button ajax_add_to_cart\" data-product_id=\"570\" data-product_sku=\"\" aria-label=\"A\u00f1adir al carrito: \u201cBrow Lamination With Tint\u201d\" rel=\"nofollow\" data-success_message=\"\u201cBrow Lamination With Tint\u201d has been added to your cart\" data-no-translation=\"\" data-trp-gettext=\"\" data-no-translation-aria-label=\"\" data-no-translation-data-success_message=\"\">A\u00f1adir al carrito<\/a>\t<span id=\"woocommerce_loop_add_to_cart_link_describedby_570\" class=\"screen-reader-text\">\n\t\t\t<\/span>\n<\/li>\n<\/ul>\n<\/div>\n\n\n\n<p><\/p>","protected":false},"excerpt":{"rendered":"<p>&#8220;Brow Lamination is a treatment designed to align, lift, and set the eyebrows, achieving a more defined, orderly, and fuller [&hellip;]<\/p>\n","protected":false},"author":1,"featured_media":0,"parent":0,"menu_order":0,"comment_status":"closed","ping_status":"closed","template":"","meta":{"site-sidebar-layout":"default","site-content-layout":"","ast-site-content-layout":"default","site-content-style":"default","site-sidebar-style":"default","ast-global-header-display":"","ast-banner-title-visibility":"","ast-main-header-display":"","ast-hfb-above-header-display":"","ast-hfb-below-header-display":"","ast-hfb-mobile-header-display":"","site-post-title":"","ast-breadcrumbs-content":"","ast-featured-img":"","footer-sml-layout":"","ast-disable-related-posts":"","theme-transparent-header-meta":"","adv-header-id-meta":"","stick-header-meta":"","header-above-stick-meta":"","header-main-stick-meta":"","header-below-stick-meta":"","astra-migrate-meta-layouts":"default","ast-page-background-enabled":"default","ast-page-background-meta":{"desktop":{"background-color":"var(--ast-global-color-5)","background-image":"","background-repeat":"repeat","background-position":"center center","background-size":"auto","background-attachment":"scroll","background-type":"","background-media":"","overlay-type":"","overlay-color":"","overlay-opacity":"","overlay-gradient":""},"tablet":{"background-color":"","background-image":"","background-repeat":"repeat","background-position":"center center","background-size":"auto","background-attachment":"scroll","background-type":"","background-media":"","overlay-type":"","overlay-color":"","overlay-opacity":"","overlay-gradient":""},"mobile":{"background-color":"","background-image":"","background-repeat":"repeat","background-position":"center center","background-size":"auto","background-attachment":"scroll","background-type":"","background-media":"","overlay-type":"","overlay-color":"","overlay-opacity":"","overlay-gradient":""}},"ast-content-background-meta":{"desktop":{"background-color":"var(--ast-global-color-4)","background-image":"","background-repeat":"repeat","background-position":"center center","background-size":"auto","background-attachment":"scroll","background-type":"","background-media":"","overlay-type":"","overlay-color":"","overlay-opacity":"","overlay-gradient":""},"tablet":{"background-color":"var(--ast-global-color-4)","background-image":"","background-repeat":"repeat","background-position":"center center","background-size":"auto","background-attachment":"scroll","background-type":"","background-media":"","overlay-type":"","overlay-color":"","overlay-opacity":"","overlay-gradient":""},"mobile":{"background-color":"var(--ast-global-color-4)","background-image":"","background-repeat":"repeat","background-position":"center center","background-size":"auto","background-attachment":"scroll","background-type":"","background-media":"","overlay-type":"","overlay-color":"","overlay-opacity":"","overlay-gradient":""}},"footnotes":""},"class_list":["post-339","page","type-page","status-publish","hentry"],"jetpack_sharing_enabled":true,"_links":{"self":[{"href":"https:\/\/mlroomlashes.com\/es\/wp-json\/wp\/v2\/pages\/339","targetHints":{"allow":["GET"]}}],"collection":[{"href":"https:\/\/mlroomlashes.com\/es\/wp-json\/wp\/v2\/pages"}],"about":[{"href":"https:\/\/mlroomlashes.com\/es\/wp-json\/wp\/v2\/types\/page"}],"author":[{"embeddable":true,"href":"https:\/\/mlroomlashes.com\/es\/wp-json\/wp\/v2\/users\/1"}],"replies":[{"embeddable":true,"href":"https:\/\/mlroomlashes.com\/es\/wp-json\/wp\/v2\/comments?post=339"}],"version-history":[{"count":15,"href":"https:\/\/mlroomlashes.com\/es\/wp-json\/wp\/v2\/pages\/339\/revisions"}],"predecessor-version":[{"id":636,"href":"https:\/\/mlroomlashes.com\/es\/wp-json\/wp\/v2\/pages\/339\/revisions\/636"}],"wp:attachment":[{"href":"https:\/\/mlroomlashes.com\/es\/wp-json\/wp\/v2\/media?parent=339"}],"curies":[{"name":"wp","href":"https:\/\/api.w.org\/{rel}","templated":true}]}}