{"id":6,"date":"2025-01-30T02:09:19","date_gmt":"2025-01-30T02:09:19","guid":{"rendered":"https:\/\/mlroomlashes.com\/about\/"},"modified":"2025-03-24T23:03:15","modified_gmt":"2025-03-24T23:03:15","slug":"about","status":"publish","type":"page","link":"https:\/\/mlroomlashes.com\/es\/about\/","title":{"rendered":"Acerca"},"content":{"rendered":"<div class=\"wp-block-group alignfull hostinger-ai-resume-1 hostinger-ai-fade-up is-layout-constrained wp-block-group-is-layout-constrained\">\n<div class=\"wp-block-group alignwide hostinger-ai-fade-up is-layout-grid wp-container-core-group-is-layout-962628ef wp-block-group-is-layout-grid\" style=\"padding-top:var(--wp--preset--spacing--60);padding-bottom:var(--wp--preset--spacing--60)\">\n<div class=\"wp-block-group hostinger-ai-fade-up wp-container-content-64aeeb98 is-vertical is-content-justification-left is-nowrap is-layout-flex wp-container-core-group-is-layout-cb02dbd6 wp-block-group-is-layout-flex\" style=\"padding-right:var(--wp--preset--spacing--60);padding-left:var(--wp--preset--spacing--60)\">\n<h2 class=\"wp-block-heading hostinger-ai-title has-dark-color has-text-color has-link-color has-x-large-font-size wp-elements-514fbaf1fb66d685017486e034efea9b\" style=\"margin-bottom:var(--wp--preset--spacing--20)\">Acerca de ML Room Lashes LLC<\/h2>\n\n\n\n<p class=\"hostinger-ai-description has-dark-color has-text-color has-link-color has-medium-font-size wp-elements-69662cb51d52168c3d98865f05ae7891\" style=\"margin-top:0;margin-bottom:var(--wp--preset--spacing--70)\">Nos apasiona realzar la belleza natural de cada uno de nuestros clientes. Nuestro equipo de especialistas altamente cualificados se dedica a ofrecer una amplia gama de servicios de m\u00e1xima calidad para ayudarle a verse y sentirse lo mejor posible.<\/p>\n\n\n\n<h2 class=\"wp-block-heading hostinger-ai-title hostinger-index-1 has-x-large-font-size\" style=\"margin-bottom:var(--wp--preset--spacing--30)\">Nuestra misi\u00f3n<\/h2>\n\n\n\n<p class=\"hostinger-ai-subtitle hostinger-index-1 hostinger-ai-font-bold has-medium-font-size\">Nuestra misi\u00f3n es ofrecer tratamientos de belleza personalizados que resalten su esencia \u00fanica.<\/p>\n<\/div>\n<\/div>\n<\/div>\n\n\n\n<div class=\"wp-block-group alignfull hostinger-ai-gallery-3 hostinger-ai-fade-up is-layout-flow wp-block-group-is-layout-flow\">\n<div class=\"wp-block-group alignwide hostinger-ai-fade-up is-layout-constrained wp-block-group-is-layout-constrained\" style=\"padding-top:var(--wp--preset--spacing--60);padding-bottom:var(--wp--preset--spacing--60)\">\n<h2 class=\"wp-block-heading has-text-align-center hostinger-ai-title has-dark-color has-text-color has-link-color has-x-large-font-size wp-elements-05461e7b78689d3a63af3741b92739fe\" style=\"margin-top:0;margin-right:0;margin-bottom:var(--wp--preset--spacing--20);margin-left:0\"><strong>Nuestros servicios <\/strong><\/h2>\n\n\n\n<p class=\"has-text-align-left has-medium-font-size\">Ofrecemos una variedad de servicios dise\u00f1ados para realzar su belleza natural, incluyendo: Extensiones de Pesta\u00f1as: Resultados duraderos y de aspecto natural con t\u00e9cnicas avanzadas. Dise\u00f1o de Cejas: Dise\u00f1o personalizado que enmarca perfectamente tu rostro. Micropigmentaci\u00f3n: Maquillaje semipermanente para una apariencia diaria impecable. Tratamientos faciales: Cuidado intensivo de la piel para un cutis radiante y saludable. <\/p>\n\n\n\n<p class=\"has-text-align-center has-x-large-font-size\"><strong>Nuestra filosof\u00eda<\/strong><\/p>\n\n\n\n<p class=\"has-text-align-left has-medium-font-size\"> Creemos que la verdadera belleza proviene de la confianza y la autenticidad. Nos esforzamos por crear un entorno acogedor en el que cada cliente se sienta valorado y atendido. Utilizamos productos de alta calidad y t\u00e9cnicas avanzadas para garantizar resultados excepcionales en cada visita. <\/p>\n\n\n\n<p class=\"has-text-align-center has-x-large-font-size\"><strong>Meet Our Specialists<\/strong> <\/p>\n\n\n\n<p class=\"has-text-align-left has-medium-font-size\">Our team is composed of passionate professionals and experts in their field. Each of our specialists has been carefully selected for their skill, attention to detail, and dedication to the art of beauty. <\/p>\n\n\n\n<p class=\"has-text-align-center has-x-large-font-size\"><strong>Compromiso con la excelencia<\/strong> <\/p>\n\n\n\n<p class=\"has-text-align-left has-medium-font-size\">En ML Room Lashes LLC, estamos comprometidos con la excelencia en todo lo que hacemos. Desde la consulta inicial hasta el cuidado posterior al tratamiento, nos aseguramos de que cada experiencia sea personalizada y gratificante.<\/p>\n\n\n\n<h2 class=\"wp-block-heading has-text-align-center hostinger-ai-title has-dark-color has-text-color has-link-color has-x-large-font-size wp-elements-9083e4dddffaec27a496d4025d192567\" style=\"margin-top:0;margin-right:0;margin-bottom:var(--wp--preset--spacing--20);margin-left:0\">Dise\u00f1o perfecto<\/h2>\n\n\n\n<p class=\"has-text-align-center hostinger-ai-description has-dark-color has-text-color has-link-color has-medium-font-size wp-elements-4d7392dea69e9215e08ea2391447b9bd\" style=\"margin-top:0;margin-bottom:0\">Explora nuestra galer\u00eda que muestra el arte del dise\u00f1o de cejas utilizando la proporci\u00f3n \u00e1urea.<\/p>\n<\/div>\n\n\n\n<div class=\"wp-block-group hostinger-ai-fade-up is-layout-constrained wp-block-group-is-layout-constrained\" style=\"margin-top:0\">\n<div class=\"wp-block-group alignwide hostinger-ai-fade-up is-content-justification-center is-nowrap is-layout-flex wp-container-core-group-is-layout-23441af8 wp-block-group-is-layout-flex\">\n<figure class=\"wp-block-image size-full is-resized has-custom-border hostinger-ai-image hostinger-index-8\"><img loading=\"lazy\" decoding=\"async\" width=\"275\" height=\"275\" src=\"https:\/\/mlroomlashes.com\/wp-content\/uploads\/2025\/03\/WhatsApp-Image-2025-03-19-at-3.10.36-PM-275x275-1.jpg\" alt=\"\" class=\"wp-image-591\" style=\"border-radius:8px;width:277px;height:auto\" srcset=\"https:\/\/mlroomlashes.com\/wp-content\/uploads\/2025\/03\/WhatsApp-Image-2025-03-19-at-3.10.36-PM-275x275-1.jpg 275w, https:\/\/mlroomlashes.com\/wp-content\/uploads\/2025\/03\/WhatsApp-Image-2025-03-19-at-3.10.36-PM-275x275-1-150x150.jpg 150w, https:\/\/mlroomlashes.com\/wp-content\/uploads\/2025\/03\/WhatsApp-Image-2025-03-19-at-3.10.36-PM-275x275-1-12x12.jpg 12w, https:\/\/mlroomlashes.com\/wp-content\/uploads\/2025\/03\/WhatsApp-Image-2025-03-19-at-3.10.36-PM-275x275-1-100x100.jpg 100w\" sizes=\"auto, (max-width: 275px) 100vw, 275px\" \/><\/figure>\n\n\n\n<figure class=\"wp-block-image size-full has-custom-border hostinger-ai-image hostinger-index-9\"><img loading=\"lazy\" decoding=\"async\" width=\"275\" height=\"275\" src=\"https:\/\/mlroomlashes.com\/wp-content\/uploads\/2025\/03\/WhatsApp-Image-2025-03-19-at-2.38.06-PM-275x275-1.jpg\" alt=\"\" class=\"wp-image-593\" style=\"border-radius:8px\" srcset=\"https:\/\/mlroomlashes.com\/wp-content\/uploads\/2025\/03\/WhatsApp-Image-2025-03-19-at-2.38.06-PM-275x275-1.jpg 275w, https:\/\/mlroomlashes.com\/wp-content\/uploads\/2025\/03\/WhatsApp-Image-2025-03-19-at-2.38.06-PM-275x275-1-150x150.jpg 150w, https:\/\/mlroomlashes.com\/wp-content\/uploads\/2025\/03\/WhatsApp-Image-2025-03-19-at-2.38.06-PM-275x275-1-12x12.jpg 12w, https:\/\/mlroomlashes.com\/wp-content\/uploads\/2025\/03\/WhatsApp-Image-2025-03-19-at-2.38.06-PM-275x275-1-100x100.jpg 100w\" sizes=\"auto, (max-width: 275px) 100vw, 275px\" \/><\/figure>\n\n\n\n<figure class=\"wp-block-image size-full has-custom-border hostinger-ai-image hostinger-index-10\"><img loading=\"lazy\" decoding=\"async\" width=\"275\" height=\"275\" src=\"https:\/\/mlroomlashes.com\/wp-content\/uploads\/2025\/03\/WhatsApp-Image-2025-03-19-at-2.42.23-PM-275x275-1.jpg\" alt=\"\" class=\"wp-image-594\" style=\"border-radius:8px\" srcset=\"https:\/\/mlroomlashes.com\/wp-content\/uploads\/2025\/03\/WhatsApp-Image-2025-03-19-at-2.42.23-PM-275x275-1.jpg 275w, https:\/\/mlroomlashes.com\/wp-content\/uploads\/2025\/03\/WhatsApp-Image-2025-03-19-at-2.42.23-PM-275x275-1-150x150.jpg 150w, https:\/\/mlroomlashes.com\/wp-content\/uploads\/2025\/03\/WhatsApp-Image-2025-03-19-at-2.42.23-PM-275x275-1-12x12.jpg 12w, https:\/\/mlroomlashes.com\/wp-content\/uploads\/2025\/03\/WhatsApp-Image-2025-03-19-at-2.42.23-PM-275x275-1-100x100.jpg 100w\" sizes=\"auto, (max-width: 275px) 100vw, 275px\" \/><\/figure>\n\n\n\n<figure class=\"wp-block-image size-full is-resized has-custom-border hostinger-ai-image hostinger-index-11\"><img loading=\"lazy\" decoding=\"async\" width=\"318\" height=\"275\" src=\"https:\/\/mlroomlashes.com\/wp-content\/uploads\/2025\/03\/WhatsApp-Image-2025-03-19-at-2.54.45-PM-275x275-1.jpg\" alt=\"\" class=\"wp-image-595\" style=\"border-radius:8px;width:318px;height:auto\" srcset=\"https:\/\/mlroomlashes.com\/wp-content\/uploads\/2025\/03\/WhatsApp-Image-2025-03-19-at-2.54.45-PM-275x275-1.jpg 318w, https:\/\/mlroomlashes.com\/wp-content\/uploads\/2025\/03\/WhatsApp-Image-2025-03-19-at-2.54.45-PM-275x275-1-300x259.jpg 300w, https:\/\/mlroomlashes.com\/wp-content\/uploads\/2025\/03\/WhatsApp-Image-2025-03-19-at-2.54.45-PM-275x275-1-14x12.jpg 14w\" sizes=\"auto, (max-width: 318px) 100vw, 318px\" \/><\/figure>\n<\/div>\n\n\n\n<div class=\"wp-block-group alignwide hostinger-ai-fade-up is-content-justification-center is-nowrap is-layout-flex wp-container-core-group-is-layout-23441af8 wp-block-group-is-layout-flex\">\n<figure class=\"wp-block-image size-full has-custom-border hostinger-ai-image hostinger-index-12\"><img loading=\"lazy\" decoding=\"async\" width=\"275\" height=\"275\" src=\"https:\/\/mlroomlashes.com\/wp-content\/uploads\/2025\/03\/WhatsApp-Image-2025-03-19-at-2.58.10-PM-275x275-1.jpg\" alt=\"\" class=\"wp-image-596\" style=\"border-radius:8px\" srcset=\"https:\/\/mlroomlashes.com\/wp-content\/uploads\/2025\/03\/WhatsApp-Image-2025-03-19-at-2.58.10-PM-275x275-1.jpg 275w, https:\/\/mlroomlashes.com\/wp-content\/uploads\/2025\/03\/WhatsApp-Image-2025-03-19-at-2.58.10-PM-275x275-1-150x150.jpg 150w, https:\/\/mlroomlashes.com\/wp-content\/uploads\/2025\/03\/WhatsApp-Image-2025-03-19-at-2.58.10-PM-275x275-1-12x12.jpg 12w, https:\/\/mlroomlashes.com\/wp-content\/uploads\/2025\/03\/WhatsApp-Image-2025-03-19-at-2.58.10-PM-275x275-1-100x100.jpg 100w\" sizes=\"auto, (max-width: 275px) 100vw, 275px\" \/><\/figure>\n\n\n\n<figure class=\"wp-block-image size-full has-custom-border hostinger-ai-image hostinger-index-13\"><img loading=\"lazy\" decoding=\"async\" width=\"275\" height=\"275\" src=\"https:\/\/mlroomlashes.com\/wp-content\/uploads\/2025\/03\/WhatsApp-Image-2025-03-19-at-3.05.53-PM-275x275-1.jpg\" alt=\"\" class=\"wp-image-597\" style=\"border-radius:8px\" srcset=\"https:\/\/mlroomlashes.com\/wp-content\/uploads\/2025\/03\/WhatsApp-Image-2025-03-19-at-3.05.53-PM-275x275-1.jpg 275w, https:\/\/mlroomlashes.com\/wp-content\/uploads\/2025\/03\/WhatsApp-Image-2025-03-19-at-3.05.53-PM-275x275-1-150x150.jpg 150w, https:\/\/mlroomlashes.com\/wp-content\/uploads\/2025\/03\/WhatsApp-Image-2025-03-19-at-3.05.53-PM-275x275-1-12x12.jpg 12w, https:\/\/mlroomlashes.com\/wp-content\/uploads\/2025\/03\/WhatsApp-Image-2025-03-19-at-3.05.53-PM-275x275-1-100x100.jpg 100w\" sizes=\"auto, (max-width: 275px) 100vw, 275px\" \/><\/figure>\n\n\n\n<figure class=\"wp-block-image size-full has-custom-border hostinger-ai-image hostinger-index-14\"><img loading=\"lazy\" decoding=\"async\" width=\"275\" height=\"275\" src=\"https:\/\/mlroomlashes.com\/wp-content\/uploads\/2025\/03\/lipsbefore-275x275-1.jpg\" alt=\"\" class=\"wp-image-598\" style=\"border-radius:8px\" srcset=\"https:\/\/mlroomlashes.com\/wp-content\/uploads\/2025\/03\/lipsbefore-275x275-1.jpg 275w, https:\/\/mlroomlashes.com\/wp-content\/uploads\/2025\/03\/lipsbefore-275x275-1-150x150.jpg 150w, https:\/\/mlroomlashes.com\/wp-content\/uploads\/2025\/03\/lipsbefore-275x275-1-12x12.jpg 12w, https:\/\/mlroomlashes.com\/wp-content\/uploads\/2025\/03\/lipsbefore-275x275-1-100x100.jpg 100w\" sizes=\"auto, (max-width: 275px) 100vw, 275px\" \/><\/figure>\n\n\n\n<figure class=\"wp-block-image size-full has-custom-border hostinger-ai-image hostinger-index-15\"><img loading=\"lazy\" decoding=\"async\" width=\"275\" height=\"275\" src=\"https:\/\/mlroomlashes.com\/wp-content\/uploads\/2025\/03\/lips-after-275x275-1.jpg\" alt=\"\" class=\"wp-image-599\" style=\"border-radius:8px\" srcset=\"https:\/\/mlroomlashes.com\/wp-content\/uploads\/2025\/03\/lips-after-275x275-1.jpg 275w, https:\/\/mlroomlashes.com\/wp-content\/uploads\/2025\/03\/lips-after-275x275-1-150x150.jpg 150w, https:\/\/mlroomlashes.com\/wp-content\/uploads\/2025\/03\/lips-after-275x275-1-12x12.jpg 12w, https:\/\/mlroomlashes.com\/wp-content\/uploads\/2025\/03\/lips-after-275x275-1-100x100.jpg 100w\" sizes=\"auto, (max-width: 275px) 100vw, 275px\" \/><\/figure>\n<\/div>\n<\/div>\n<\/div>\n\n\n\n<div class=\"wp-block-group alignfull hostinger-ai-our-projects-4 hostinger-ai-fade-up is-layout-constrained wp-block-group-is-layout-constrained\">\n<div class=\"wp-block-group alignwide hostinger-ai-fade-up is-content-justification-left is-layout-constrained wp-container-core-group-is-layout-12dd3699 wp-block-group-is-layout-constrained\">\n<h2 class=\"wp-block-heading is-style-default hostinger-ai-title has-dark-color has-text-color has-link-color has-x-large-font-size wp-elements-1910ad46fbc1194071c4a1257c980050\" style=\"margin-bottom:var(--wp--preset--spacing--50)\">Dise\u00f1o perfecto de cejas<\/h2>\n\n\n\n<div class=\"wp-block-columns alignwide is-layout-flex wp-container-core-columns-is-layout-28f84493 wp-block-columns-is-layout-flex\">\n<div class=\"wp-block-column is-layout-flow wp-block-column-is-layout-flow\" style=\"flex-basis:50%\">\n<div class=\"wp-block-group hostinger-ai-fade-up is-layout-constrained wp-container-core-group-is-layout-29a8626f wp-block-group-is-layout-constrained\" style=\"padding-top:0;padding-right:var(--wp--preset--spacing--20);padding-bottom:0;padding-left:var(--wp--preset--spacing--20)\">\n<figure class=\"wp-block-image aligncenter size-full is-resized has-custom-border hostinger-ai-project-image hostinger-index-6\"><img loading=\"lazy\" decoding=\"async\" width=\"275\" height=\"275\" src=\"https:\/\/mlroomlashes.com\/wp-content\/uploads\/2025\/03\/wax-brows.jpg\" alt=\"\" class=\"wp-image-606\" style=\"border-radius:8px;width:404px;height:auto\" srcset=\"https:\/\/mlroomlashes.com\/wp-content\/uploads\/2025\/03\/wax-brows.jpg 275w, https:\/\/mlroomlashes.com\/wp-content\/uploads\/2025\/03\/wax-brows-150x150.jpg 150w, https:\/\/mlroomlashes.com\/wp-content\/uploads\/2025\/03\/wax-brows-12x12.jpg 12w, https:\/\/mlroomlashes.com\/wp-content\/uploads\/2025\/03\/wax-brows-100x100.jpg 100w\" sizes=\"auto, (max-width: 275px) 100vw, 275px\" \/><\/figure>\n\n\n\n<p class=\"has-text-align-left hostinger-ai-project-title hostinger-ai-font-bold has-dark-color has-text-color has-link-color has-medium-font-size wp-elements-6d7c4fc77f41c9c927ba2d0707279c4b\" style=\"margin-top:var(--wp--preset--spacing--40)\">M\u00e9todo de la proporci\u00f3n \u00e1urea<\/p>\n\n\n\n<p class=\"has-text-align-left hostinger-ai-project-description has-dark-color has-text-color has-link-color has-medium-font-size wp-elements-d100ccb49c94e1672f0856b58f6152df\" style=\"margin-top:var(--wp--preset--spacing--40);padding-right:var(--wp--preset--spacing--60)\">Nuestro enfoque innovador utiliza el divisor Golden Ratio, desarrollado por PhiAcademy, para crear dise\u00f1os de cejas impecables que realzan la belleza natural y garantizan la satisfacci\u00f3n del cliente en cada servicio que ofrecemos.<\/p>\n<\/div>\n<\/div>\n\n\n\n<div class=\"wp-block-column is-layout-flow wp-block-column-is-layout-flow\" style=\"flex-basis:50%\">\n<div class=\"wp-block-group project-item hostinger-ai-fade-up is-layout-constrained wp-container-core-group-is-layout-3ce558fe wp-block-group-is-layout-constrained\" style=\"padding-top:var(--wp--preset--spacing--80);padding-right:var(--wp--preset--spacing--20);padding-left:var(--wp--preset--spacing--20)\">\n<figure class=\"wp-block-image aligncenter size-full is-resized has-custom-border hostinger-ai-project-image hostinger-index-7\"><img loading=\"lazy\" decoding=\"async\" width=\"1536\" height=\"2048\" src=\"https:\/\/mlroomlashes.com\/wp-content\/uploads\/2025\/02\/LATER-1.jpeg\" alt=\"\" class=\"wp-image-172\" style=\"border-radius:8px;width:335px;height:auto\" srcset=\"https:\/\/mlroomlashes.com\/wp-content\/uploads\/2025\/02\/LATER-1.jpeg 1536w, https:\/\/mlroomlashes.com\/wp-content\/uploads\/2025\/02\/LATER-1-225x300.jpeg 225w, https:\/\/mlroomlashes.com\/wp-content\/uploads\/2025\/02\/LATER-1-768x1024.jpeg 768w, https:\/\/mlroomlashes.com\/wp-content\/uploads\/2025\/02\/LATER-1-1152x1536.jpeg 1152w, https:\/\/mlroomlashes.com\/wp-content\/uploads\/2025\/02\/LATER-1-600x800.jpeg 600w\" sizes=\"auto, (max-width: 1536px) 100vw, 1536px\" \/><\/figure>\n\n\n\n<p class=\"has-text-align-left hostinger-ai-project-title hostinger-index-1 hostinger-ai-font-bold has-dark-color has-text-color has-link-color has-medium-font-size wp-elements-f00b17e0df085fff91a208bd6d5e5302\" style=\"margin-top:var(--wp--preset--spacing--40)\">Soluciones de dise\u00f1o innovadoras<\/p>\n\n\n\n<p class=\"hostinger-ai-project-description hostinger-index-1 has-dark-color has-text-color has-link-color has-medium-font-size wp-elements-46aa13550131f5b616391458765c1155\" style=\"margin-top:var(--wp--preset--spacing--40);padding-right:var(--wp--preset--spacing--60)\">Nos centramos en ofrecer servicios excepcionales de dise\u00f1o de cejas que se basan en los principios de la Proporci\u00f3n \u00c1urea, garantizando que cada cliente reciba un resultado personalizado y est\u00e9ticamente agradable adaptado a sus rasgos.<\/p>\n<\/div>\n<\/div>\n<\/div>\n\n\n\n<div class=\"wp-block-columns alignwide project-column is-layout-flex wp-container-core-columns-is-layout-390ed6e7 wp-block-columns-is-layout-flex\" style=\"margin-top:-40px\">\n<div class=\"wp-block-column is-layout-flow wp-block-column-is-layout-flow\" style=\"flex-basis:50%\">\n<div class=\"wp-block-group hostinger-ai-fade-up is-layout-constrained wp-container-core-group-is-layout-29a8626f wp-block-group-is-layout-constrained\" style=\"padding-top:0;padding-right:var(--wp--preset--spacing--20);padding-bottom:0;padding-left:var(--wp--preset--spacing--20)\">\n<figure class=\"wp-block-image aligncenter size-full is-resized has-custom-border hostinger-ai-project-image hostinger-index-8\"><img loading=\"lazy\" decoding=\"async\" width=\"275\" height=\"275\" src=\"https:\/\/mlroomlashes.com\/wp-content\/uploads\/2025\/03\/wax-brows1.jpg\" alt=\"\" class=\"wp-image-604\" style=\"border-radius:8px;width:396px;height:auto\" srcset=\"https:\/\/mlroomlashes.com\/wp-content\/uploads\/2025\/03\/wax-brows1.jpg 275w, https:\/\/mlroomlashes.com\/wp-content\/uploads\/2025\/03\/wax-brows1-150x150.jpg 150w, https:\/\/mlroomlashes.com\/wp-content\/uploads\/2025\/03\/wax-brows1-12x12.jpg 12w, https:\/\/mlroomlashes.com\/wp-content\/uploads\/2025\/03\/wax-brows1-100x100.jpg 100w\" sizes=\"auto, (max-width: 275px) 100vw, 275px\" \/><\/figure>\n\n\n\n<p class=\"has-text-align-left hostinger-ai-project-title hostinger-index-2 hostinger-ai-font-bold has-dark-color has-text-color has-link-color has-medium-font-size wp-elements-56297a0f7ab82d2b0dd23b96791f5193\" style=\"margin-top:var(--wp--preset--spacing--40)\">Enfoque centrado en el cliente<\/p>\n\n\n\n<p class=\"has-text-align-left hostinger-ai-project-description hostinger-index-2 has-dark-color has-text-color has-link-color has-medium-font-size wp-elements-f2e10a2da528a0a3394a44f06e0327eb\" style=\"margin-top:var(--wp--preset--spacing--40);padding-right:var(--wp--preset--spacing--60)\">En ML Room Lashes LLC, damos prioridad a las necesidades de nuestros clientes ofreciendo consultas personalizadas de dise\u00f1o de cejas, asegur\u00e1ndonos de que cada persona salga de nuestro estudio sinti\u00e9ndose segura y hermosa con su look \u00fanico.<\/p>\n<\/div>\n<\/div>\n\n\n\n<div class=\"wp-block-column is-layout-flow wp-block-column-is-layout-flow\" style=\"flex-basis:50%\">\n<div class=\"wp-block-group project-item hostinger-ai-fade-up is-layout-constrained wp-container-core-group-is-layout-3ce558fe wp-block-group-is-layout-constrained\" style=\"padding-top:var(--wp--preset--spacing--80);padding-right:var(--wp--preset--spacing--20);padding-left:var(--wp--preset--spacing--20)\">\n<figure class=\"wp-block-image aligncenter size-full is-resized has-custom-border hostinger-ai-project-image hostinger-index-9\"><img loading=\"lazy\" decoding=\"async\" width=\"1536\" height=\"2048\" src=\"https:\/\/mlroomlashes.com\/wp-content\/uploads\/2025\/02\/Eyerbrow-wax.jpeg\" alt=\"\" class=\"wp-image-421\" style=\"border-radius:8px;width:349px;height:auto\" srcset=\"https:\/\/mlroomlashes.com\/wp-content\/uploads\/2025\/02\/Eyerbrow-wax.jpeg 1536w, https:\/\/mlroomlashes.com\/wp-content\/uploads\/2025\/02\/Eyerbrow-wax-225x300.jpeg 225w, https:\/\/mlroomlashes.com\/wp-content\/uploads\/2025\/02\/Eyerbrow-wax-768x1024.jpeg 768w, https:\/\/mlroomlashes.com\/wp-content\/uploads\/2025\/02\/Eyerbrow-wax-1152x1536.jpeg 1152w, https:\/\/mlroomlashes.com\/wp-content\/uploads\/2025\/02\/Eyerbrow-wax-600x800.jpeg 600w\" sizes=\"auto, (max-width: 1536px) 100vw, 1536px\" \/><\/figure>\n\n\n\n<p class=\"has-text-align-left hostinger-ai-project-title hostinger-index-1 hostinger-ai-font-bold hostinger-index-3 has-dark-color has-text-color has-link-color has-medium-font-size wp-elements-6a25754372c5ca916e67e166498aa73c\" style=\"margin-top:var(--wp--preset--spacing--40)\">Soluciones de dise\u00f1o innovadoras<\/p>\n\n\n\n<p class=\"hostinger-ai-project-description hostinger-index-3 has-dark-color has-text-color has-link-color has-medium-font-size wp-elements-77080a9e79693704ba08fb3a4a352277\" style=\"margin-top:var(--wp--preset--spacing--40);padding-right:var(--wp--preset--spacing--60)\">Ofrecemos programas de formaci\u00f3n completos para profesionales de la belleza, centrados en las t\u00e9cnicas de la Proporci\u00f3n \u00c1urea para el dise\u00f1o de cejas, que les permiten mejorar sus habilidades y ofrecer resultados excepcionales a sus clientes.<\/p>\n<\/div>\n<\/div>\n<\/div>\n<\/div>\n<\/div>\n\n\n\n<div class=\"wp-block-buttons is-content-justification-center is-layout-flex wp-container-core-buttons-is-layout-a89b3969 wp-block-buttons-is-layout-flex\">\n<div class=\"wp-block-button\"><a class=\"wp-block-button__link wp-element-button\" href=\"https:\/\/mllashesbrows.glossgenius.com\">PROGRAMAR UNA CONSULTA GRATUITA<\/a><\/div>\n<\/div>","protected":false},"excerpt":{"rendered":"<p>About ML Room Lashes LLC We are passionate about enhancing the natural beauty of each of our clients. Our team [&hellip;]<\/p>\n","protected":false},"author":1,"featured_media":0,"parent":0,"menu_order":0,"comment_status":"closed","ping_status":"closed","template":"","meta":{"site-sidebar-layout":"default","site-content-layout":"","ast-site-content-layout":"default","site-content-style":"default","site-sidebar-style":"default","ast-global-header-display":"","ast-banner-title-visibility":"","ast-main-header-display":"","ast-hfb-above-header-display":"","ast-hfb-below-header-display":"","ast-hfb-mobile-header-display":"","site-post-title":"","ast-breadcrumbs-content":"","ast-featured-img":"","footer-sml-layout":"","ast-disable-related-posts":"","theme-transparent-header-meta":"","adv-header-id-meta":"","stick-header-meta":"","header-above-stick-meta":"","header-main-stick-meta":"","header-below-stick-meta":"","astra-migrate-meta-layouts":"default","ast-page-background-enabled":"default","ast-page-background-meta":{"desktop":{"background-color":"var(--ast-global-color-5)","background-image":"","background-repeat":"repeat","background-position":"center center","background-size":"auto","background-attachment":"scroll","background-type":"","background-media":"","overlay-type":"","overlay-color":"","overlay-opacity":"","overlay-gradient":""},"tablet":{"background-color":"","background-image":"","background-repeat":"repeat","background-position":"center center","background-size":"auto","background-attachment":"scroll","background-type":"","background-media":"","overlay-type":"","overlay-color":"","overlay-opacity":"","overlay-gradient":""},"mobile":{"background-color":"","background-image":"","background-repeat":"repeat","background-position":"center center","background-size":"auto","background-attachment":"scroll","background-type":"","background-media":"","overlay-type":"","overlay-color":"","overlay-opacity":"","overlay-gradient":""}},"ast-content-background-meta":{"desktop":{"background-color":"var(--ast-global-color-4)","background-image":"","background-repeat":"repeat","background-position":"center center","background-size":"auto","background-attachment":"scroll","background-type":"","background-media":"","overlay-type":"","overlay-color":"","overlay-opacity":"","overlay-gradient":""},"tablet":{"background-color":"var(--ast-global-color-4)","background-image":"","background-repeat":"repeat","background-position":"center center","background-size":"auto","background-attachment":"scroll","background-type":"","background-media":"","overlay-type":"","overlay-color":"","overlay-opacity":"","overlay-gradient":""},"mobile":{"background-color":"var(--ast-global-color-4)","background-image":"","background-repeat":"repeat","background-position":"center center","background-size":"auto","background-attachment":"scroll","background-type":"","background-media":"","overlay-type":"","overlay-color":"","overlay-opacity":"","overlay-gradient":""}},"footnotes":""},"class_list":["post-6","page","type-page","status-publish","hentry"],"jetpack_sharing_enabled":true,"_links":{"self":[{"href":"https:\/\/mlroomlashes.com\/es\/wp-json\/wp\/v2\/pages\/6","targetHints":{"allow":["GET"]}}],"collection":[{"href":"https:\/\/mlroomlashes.com\/es\/wp-json\/wp\/v2\/pages"}],"about":[{"href":"https:\/\/mlroomlashes.com\/es\/wp-json\/wp\/v2\/types\/page"}],"author":[{"embeddable":true,"href":"https:\/\/mlroomlashes.com\/es\/wp-json\/wp\/v2\/users\/1"}],"replies":[{"embeddable":true,"href":"https:\/\/mlroomlashes.com\/es\/wp-json\/wp\/v2\/comments?post=6"}],"version-history":[{"count":9,"href":"https:\/\/mlroomlashes.com\/es\/wp-json\/wp\/v2\/pages\/6\/revisions"}],"predecessor-version":[{"id":607,"href":"https:\/\/mlroomlashes.com\/es\/wp-json\/wp\/v2\/pages\/6\/revisions\/607"}],"wp:attachment":[{"href":"https:\/\/mlroomlashes.com\/es\/wp-json\/wp\/v2\/media?parent=6"}],"curies":[{"name":"wp","href":"https:\/\/api.w.org\/{rel}","templated":true}]}}